{"id":10,"date":"2010-08-16T11:56:39","date_gmt":"2010-08-16T11:56:39","guid":{"rendered":"http:\/\/localhost\/reichshof\/?page_id=10"},"modified":"2025-02-04T14:27:50","modified_gmt":"2025-02-04T13:27:50","slug":"inventare","status":"publish","type":"page","link":"https:\/\/reichshofratsakten.de\/?page_id=10","title":{"rendered":"Inventare"},"content":{"rendered":"<address><span style=\"font-size: small;\">Die durch die Projektgruppe verfassten Inventare erscheinen in kontinuierlicher Folge in gedruckter Form im <a href=\"https:\/\/www.esv.info\/homepage.html\" target=\"_blank\" rel=\"noopener\">Erich Schmidt Verlag<\/a> (Berlin). Die gedruckten Inventare sind auf dem G\u00f6ttinger Akademieserver <a href=\"https:\/\/rep.adw-goe.de\/handle\/11858\/42\" target=\"_blank\" rel=\"noopener\">Res doctae<\/a> in Form von PDF-Dateien frei zug\u00e4nglich. Die Erschlie\u00dfungsergebnisse werden zudem in regelm\u00e4\u00dfigen Abst\u00e4nden in das <a href=\"https:\/\/www.archivinformationssystem.at\/\" target=\"_blank\" rel=\"noopener\">Archivinformationssystem <\/a>des \u00d6sterreichischen Staatsarchivs eingepflegt und stehen dort ebenfalls f\u00fcr Internetrecherchen zur Verf\u00fcgung.<\/span><\/address>\n<address><span style=\"font-size: medium;\">\u00a0<\/span><\/address>\n<address>\u00a0<\/address>\n<p><strong>Bislang<strong> liegen vor:<\/strong><\/strong><\/p>\n<h4>Serie I: Alte Prager Akten<\/h4>\n<p>Band 1: A\u2013D<br \/>\nHerausgegeben von Wolfgang Sellert, bearbeitet von Eva Ortlieb<br \/>\nBerlin 2009, 645 S., Leinen, Euro (D) 198,\u2013<br \/>\nISBN 978 3 503 09885 9 (<a href=\"https:\/\/hdl.handle.net\/11858\/00-001S-0000-002D-B66E-C \" target=\"_blank\" rel=\"noopener\">PDF<\/a>)<\/p>\n<p>Band 2: E-J<br \/>\nHerausgegeben von Wolfgang Sellert, bearbeitet von Eva Ortlieb<br \/>\nBerlin 2011, 803 S., Leinen, Euro (D) 245,-<br \/>\nISBN 978 3 503 12227 1 (<a href=\"https:\/\/hdl.handle.net\/11858\/00-001S-0000-002D-B66F-A\" target=\"_blank\" rel=\"noopener\">PDF<\/a>)<\/p>\n<p>Band 3: K-O<br \/>\nHerausgegeben von Wolfgang Sellert, bearbeitet von Eva Ortlieb<br \/>\nBerlin 2012, 831 S., Leinen, Euro (D) 250,-<br \/>\nISBN 978 3 503 12279 0 (<a href=\"https:\/\/hdl.handle.net\/11858\/00-001S-0000-002D-B670-4\" target=\"_blank\" rel=\"noopener\">PDF<\/a>)<\/p>\n<p>Bd. 4: P-R (mit Nachtr\u00e4gen A-O)<br \/>\nHerausgegeben von Wolfgang Sellert, bearbeitet von Tobias Schenk<br \/>\nBerlin 2014, 579 S., Leinen, Euro (D) 198,-.<br \/>\nISBN 978-3-503-15529-3 (<a href=\"https:\/\/hdl.handle.net\/11858\/00-001S-0000-002D-B671-2\" target=\"_blank\" rel=\"noopener\">PDF<\/a>)<\/p>\n<p>Bd. 5: S-Z<br \/>\nHerausgegeben von Wolfgang Sellert, bearbeitet von Tobias Schenk<br \/>\nBerlin 2014, 683 S., Leinen, Euro (D) 220,-.<br \/>\nISBN 978-3-503-15530-9 (<a href=\"https:\/\/hdl.handle.net\/11858\/00-001S-0000-002D-B672-F\" target=\"_blank\" rel=\"noopener\">PDF<\/a>)<\/p>\n<h4>Serie II: Antiqua<\/h4>\n<p>Band 1: Karton 1-43<br \/>\nHerausgegeben von Wolfgang Sellert, bearbeitet von Ursula Machoczek<br \/>\nBerlin 2010, 773 S., Leinen, Euro (D) 230,\u2013<br \/>\nISBN 978 3 503 09886 6 (<a href=\"https:\/\/hdl.handle.net\/11858\/00-001S-0000-002D-B668-7\" target=\"_blank\" rel=\"noopener\">PDF<\/a>)<\/p>\n<p>Band 2: Karton 44-135<br \/>\nHerausgegeben von Wolfgang Sellert, bearbeitet von Ulrich Rasche<br \/>\nBerlin 2014, 860 S., Leinen, Euro (D) 250,-<br \/>\nISBN 978 3 50313769 5 (<a href=\"https:\/\/hdl.handle.net\/11858\/00-001S-0000-002D-B669-5\" target=\"_blank\" rel=\"noopener\">PDF<\/a>)<\/p>\n<p>Band 3: Karton 135-277f<br \/>\nHerausgegeben von Wolfgang Sellert, bearbeitet von Ulrich Rasche<br \/>\nBerlin 2016, 883 S., Leinen, Euro (D) 260,-<br \/>\nISBN 978 3 503 16775 3 (<a href=\"https:\/\/hdl.handle.net\/11858\/00-001S-0000-002D-B66A-3\" target=\"_blank\" rel=\"noopener\">PDF<\/a>)<\/p>\n<p>Band 4: Karton 278-424<br \/>\nHerausgegeben von Wolfgang Sellert, bearbeitet von Tobias Schenk<br \/>\nBerlin 2017, 650 S., Leinen, Euro (D) 198,-<br \/>\nISBN 978 3 503 17601 4 (<a href=\"https:\/\/hdl.handle.net\/11858\/00-001S-0000-002D-B66B-1 \" target=\"_blank\" rel=\"noopener\">PDF<\/a>)<\/p>\n<p>Band 5: Karton 425-516<br \/>\nHerausgegeben von Wolfgang Sellert, bearbeitet von Ulrich Rasche<br \/>\nBerlin 2019, 528 S., Leinen, Euro (D) 190,-<br \/>\nISBN 978 3 503 18185 8 (<a href=\"https:\/\/hdl.handle.net\/11858\/00-001S-0000-002D-B66C-0 \" target=\"_blank\" rel=\"noopener\">PDF<\/a>)<\/p>\n<p>Band 6: Karton 516-616c<br \/>\nHerausgegeben von Wolfgang Sellert, bearbeitet von Tobias Schenk<br \/>\nBerlin 2022, 619 S., Leinen, Euro (D) 199,-<br \/>\nISBN 978 3 503 20684 1 (<a href=\"https:\/\/rep.adw-goe.de\/bitstream\/handle\/11858\/2529\/978-3-503-20684-1_RHR-II-Antiqua-Band%206.pdf?sequence=1&amp;isAllowed=y\" target=\"_blank\" rel=\"noopener\">PDF<\/a>)<\/p>\n<p>Band 7: Karton 617-724e<br \/>\nHerausgegeben von Wolfgang Sellert, bearbeitet von Ulrich Rasche<br \/>\nBerlin 2023, 725 S., Leinen, Euro (D) 249,-<br \/>\nISBN 978-3-503-21256-9 (<a href=\"https:\/\/rep.adw-goe.de\/bitstream\/handle\/11858\/2542\/RHR7_eBook_gesamt.pdf?sequence=1&amp;isAllowed=y\">PDF<\/a>)<\/p>\n<h4>Rezensionen:<\/h4>\n<p>&#8211; Dieter P\u00f6tschke, in: Jahrbuch f\u00fcr die Geschichte Mittel- und Ostdeutschlands 55 (2009), S. 293-297\u00a0(APA 1),<br \/>\n&#8211; Raimund J. Weber, in: Zeitschrift f\u00fcr die Geschichte des Oberrheins 157 (2009), S. 505-507 (APA 1),<br \/>\n&#8211; David Petry, in: Zeitschrift f\u00fcr Historische Forschung 37 (2010), S. 698-699 (APA\u00a0 1),<br \/>\n&#8211; Robert Riemer, in: <a href=\"https:\/\/www.sehepunkte.de\/2010\/07\/17651.html\" target=\"_blank\" rel=\"noopener\">Sehepunkte 10 (2010)<\/a> (APA 1),<br \/>\n&#8211; Anja Amend-Traut, in: <a href=\"https:\/\/www.sehepunkte.de\/2010\/11\/17657.html\" target=\"_blank\" rel=\"noopener\">Sehepunkte 11 (2010)<\/a> (Antiqua 1),<br \/>\n&#8211; Dieter P\u00f6tschke, in: Jahrbuch f\u00fcr die Geschichte Mittel- und Ostdeutschlands 56 (2010), S. 192-193 (Antiqua 1),<br \/>\n&#8211; Filippo Ranieri, in: Archiv f\u00fcr Hessische Geschichte 68 (2010), S. 489-491 (APA 1),<br \/>\n&#8211; Raimund J. Weber, in: Zeitschrift f\u00fcr W\u00fcrttembergische Landesgeschichte 69 (2010), S. 450-451 (APA 1)<br \/>\n&#8211; Friedrich Battenberg, in: Archiv f\u00fcr Hessische Geschichte 69 (2011), S. 440-443 (APA 1, Antiqua 1),<br \/>\n&#8211; Gerhard K\u00f6bler, in: <a href=\"https:\/\/www.koeblergerhard.de\/ZIER-HP\/ZIER-HP-01-2011\/DieAktendesKaiserlichenReichshofrats1.htm\" target=\"_blank\" rel=\"noopener\">Zeitschrift integrativer europ\u00e4ischer Rechtsgeschichte 1 (2011)<\/a> (APA1, APA 2),<br \/>\n&#8211; Paul Lucien N\u00e8ve, in: Tijdschrift voor Rechtsgeschiedenis 79 (2011), S. 569-571 (Antiqua 1),<br \/>\n&#8211; Peter Oestmann, in: Zeitschrift f\u00fcr L\u00fcbeckische Geschichte 91 (2011), S. 422-424 (APA 1, Antiqua 1),<br \/>\n&#8211; Bernd Schildt, in: <a href=\"https:\/\/www.koeblergerhard.de\/ZRG128Internetrezensionen2011\/DieAktendesKaiserlichenReichshofrats.htm\" target=\"_blank\" rel=\"noopener\">Zeitschrift der Savigny-Stifung f\u00fcr Rechtsgeschichte, Germanistische Abteilung 128 (2011), S. 656-662 <\/a>(APA 1, APA 2, Antiqua 1),<br \/>\n&#8211; Frank Theisen, in: Nassauische Annalen 122 (2011), S. 403-404 (APA 1),<br \/>\n&#8211; Peter Rauscher, in: <a href=\"https:\/\/www.recensio.net\/rezensionen\/zeitschriften\/fruhneuzeit-info\/22-2011\/1-2\/ReviewMonograph743095668\" target=\"_blank\" rel=\"noopener\">Fr\u00fchneuzeit-Info 22 (2011), S. 172-173 <\/a>(APA 1, APA 2, Antiqua 1),<br \/>\n&#8211; Paul Lucien N\u00e8ve, in: Tijdschrift voor Rechtsgeschiedenis 80 (2012), S.\u00a0515-517 (APA 2),<br \/>\n&#8211; Peter Claus Hartmann, in: Historische Zeitschrift 295 (2012), S. 500-502 (APA 1, APA 2, Antiqua 1),<br \/>\n&#8211; Gabriele Haug-Moritz, in: Zeitschrift f\u00fcr Historische Forschung 39 (2012), S. 692-694 (Antiqua 1),<br \/>\n&#8211; Dieter P\u00f6tschke, in: Jahrbuch f\u00fcr die Geschichte Mittel- und Ostdeutschlands 58 (2012), S. 178-179 (APA 2, APA 3),<br \/>\n&#8211; Peter Rauscher, in: <a href=\"https:\/\/www.recensio.net\/rezensionen\/zeitschriften\/fruhneuzeit-info\/23-2012\/1-2\/ReviewMonograph29086492\/?searchterm=reichshofrats\" target=\"_blank\" rel=\"noopener\">Fr\u00fchneuzeit-Info 23 (2012), S. 171-172 <\/a>(APA 3),<br \/>\n&#8211; Frank Theisen, in: Nassauische Annalen 123 (2012), S. 773-776 (APA 2, Antiqua 1),<br \/>\n&#8211; Frank Theisen, in: Nassauische Annalen 123 (2012), S. 776-777 (APA 3),<br \/>\n&#8211; Raimund J. Weber, in: Zeitschrift f\u00fcr W\u00fcrttembergische Landesgeschichte 71 (2012), S. 661-662 (Antiqua 1),<br \/>\n&#8211; Raimund J. Weber, in: Zeitschrift f\u00fcr die Geschichte des Oberrheins 161 (2013) (APA 2 und 3),<br \/>\n&#8211; Gerhard K\u00f6bler, in: <a href=\"https:\/\/www.koeblergerhard.de\/ZIER-HP\/ZIER-HP-04-2014\/DieAktendesKaiserlichenHofrats-SerieIIAntiquaBand2.htm\" target=\"_blank\" rel=\"noopener\">Zeitschrift integrativer europ\u00e4ischer Rechtsgeschichte 4 (2014) <\/a>(Antiqua 2),<br \/>\n&#8211; Peter Claus Hartmann, in: Historische Zeitschrift 299 (2014), S. 485f. (APA 3),<br \/>\n&#8211; Bernd Schildt, in: Zeitschrift der Savigny-Stiftung f\u00fcr Rechtsgeschichte, Germanistische Abteilung, 131 (2014), S. 535f. (APA 3),<br \/>\n&#8211; Gerhard K\u00f6bler, in: <a href=\"https:\/\/www.koeblergerhard.de\/ZIER-HP\/ZIER-HP-04-2014\/DieAktendesKaiserlichenReichshofrats-SerieI-AltePragerAkten4+5.htm\" target=\"_blank\" rel=\"noopener\">Zeitschrift integrativer europ\u00e4ischer Rechtsgeschichte 4 (2014) <\/a>(APA 4 und 5),<br \/>\n&#8211; Peter Oestmann, in: Zeitschrift f\u00fcr L\u00fcbeckische Geschichte 94 (2014), S. 363f. (Antiqua 2),<br \/>\n&#8211; Gerhard K\u00f6bler, in: <a href=\"https:\/\/www.koeblergerhard.de\/ZIER-HP\/ZIER-HP-05-2015\/DieAktendesKaiserlichenReichshofrats-AltePragerAkten3.htm\" target=\"_blank\" rel=\"noopener\">Zeitschrift integrativer europ\u00e4ischer Rechtsgeschichte 5 (2015)<\/a> (APA 3),<br \/>\n&#8211; Karsten Ruppert, in: <a href=\"https:\/\/www.koeblergerhard.de\/ZIER-HP\/ZIER-HP-05-2015\/DieAktendesKaiserlichenReichshofrats-AltePragerAkten-4+5-Ruppert.htm\" target=\"_blank\" rel=\"noopener\">Zeitschrift integrativer europ\u00e4ischer Rechtsgeschichte 5 (2015)<\/a> (APA 4-5),<br \/>\n&#8211; Sabine Ullmann, in: Zeitschrift f\u00fcr Historische Forschung 43 (2016), S. 829-831 (APA 1-5),<br \/>\n&#8211; Gerhard K\u00f6bler, in: <a href=\"https:\/\/www.koeblergerhard.de\/ZIER-HP\/ZIER-HP-06-2016\/DieAktendesKaiserlichenReichshofrats-SerieIIAntiqua3.htm\" target=\"_blank\" rel=\"noopener\">Zeitschrift integrativer europ\u00e4ischer Rechtsgeschichte 6 (2016)<\/a> (Antiqua 3),<br \/>\n&#8211; Stephan Wendehorst, in: Zeitschrift der Savigny-Stiftung f\u00fcr Rechtsgeschichte, Germanistische Abteilung, 134 (2017), S. 344f. (APA 4-5),<br \/>\n&#8211; Friedrich Battenberg, in: <a href=\"https:\/\/www.recensio-regio.net\/rezensionen\/zeitschriften\/ahg\/75-2017\/ReviewMonograph132525573\/?searchterm=\" target=\"_blank\" rel=\"noopener\">Archiv f\u00fcr hessische Geschichte 75 (2017), S. 457f.<\/a> (Antiqua 3),<br \/>\n&#8211; Paul Lucien N\u00e8ve, in: Tijdschrift voor Rechtsgeschiedenis 85 (2017), S. 368-370 (APA 4-5),<br \/>\n&#8211; Paul Lucien N\u00e8ve, in: Tijdschrift voor Rechtsgeschiedenis 85 (2017), S. 371-374 (Antiqua 2),<br \/>\n&#8211; Karsten Ruppert, in: <a href=\"https:\/\/www.koeblergerhard.de\/ZIER-HP\/ZIER-HP-07-2017\/DieAktendesKaierlichenReichshofratsAntiqua4-Ruppert.htm\" target=\"_blank\" rel=\"noopener\">Zeitschrift integrativer europ\u00e4ischer Rechtsgeschichte 7 (2017)<\/a> (APA 4),<br \/>\n&#8211; Bernd Schildt, in: <a href=\"https:\/\/www.koeblergerhard.de\/ZIER-HP\/ZIER-HP-07-2017\/DieAktendesKaiserlichenReichshofrats-IIAntiqua3.htm\" target=\"_blank\" rel=\"noopener\">Zeitschrift integrativer europ\u00e4ischer Rechtsgeschichte 7 (2017)<\/a> (Antiqua 3),<br \/>\n&#8211; Gerhard K\u00f6bler, in: <a href=\"https:\/\/www.koeblergerhard.de\/ZIER-HP\/ZIER-HP-07-2017\/DieAktendeskaiserlichenReichshofrats-IIAntiqua-4-278-424.htm\" target=\"_blank\" rel=\"noopener\">Zeitschrift integrativer europ\u00e4ischer Rechtsgeschichte 7 (2017)<\/a> (Antiqua 4),<br \/>\n&#8211; Sabine Ullmann, in: Zeitschrift der Savigny-Stiftung f\u00fcr Rechtsgeschichte, Germanistische Abteilung, 135 (2018), S. 429f. (Antiqua 3),<br \/>\n&#8211; Bernd Schildt, in:\u00a0 <a href=\"https:\/\/www.koeblergerhard.de\/ZIER-HP\/ZIER-HP-09-2019\/DieAktendeskaiserlichenReichshofratsAntiquafuenf.htm\" target=\"_blank\" rel=\"noopener\">Zeitschrift integrativer europ\u00e4ischer Rechtsgeschichte 9 (2019)<\/a>(Antiqua 5),<br \/>\n&#8211; Gerhard K\u00f6bler, in: <a href=\"https:\/\/www.koeblergerhard.de\/ZIER-HP\/ZIER-HP-09-2019\/DieAktendesKaiserlichenReichshofratsSerie.htm\" target=\"_blank\" rel=\"noopener\">Zeitschrift integrativer europ\u00e4ischer Rechtsgeschichte 9 (2019)<\/a> (Antiqua 5),<br \/>\n&#8211; Ignacio Czeguhn, in: Zeitschrift der Savigny-Stiftung f\u00fcr Rechtsgeschichte, Germanistische Abteilung, 137 (2020), S. 531-533 (Antiqua 5).<\/p>\n","protected":false},"excerpt":{"rendered":"<p>Die durch die Projektgruppe verfassten Inventare erscheinen in kontinuierlicher Folge in gedruckter Form im Erich Schmidt Verlag (Berlin). Die gedruckten Inventare sind auf dem G\u00f6ttinger Akademieserver Res doctae in Form von PDF-Dateien frei zug\u00e4nglich. Die Erschlie\u00dfungsergebnisse werden zudem in regelm\u00e4\u00dfigen &hellip; <a href=\"https:\/\/reichshofratsakten.de\/?page_id=10\">Weiterlesen <span class=\"meta-nav\">&rarr;<\/span><\/a><\/p>\n","protected":false},"author":1,"featured_media":0,"parent":0,"menu_order":3,"comment_status":"closed","ping_status":"closed","template":"unserseite.php","meta":{"footnotes":""},"class_list":["post-10","page","type-page","status-publish","hentry"],"_links":{"self":[{"href":"https:\/\/reichshofratsakten.de\/index.php?rest_route=\/wp\/v2\/pages\/10"}],"collection":[{"href":"https:\/\/reichshofratsakten.de\/index.php?rest_route=\/wp\/v2\/pages"}],"about":[{"href":"https:\/\/reichshofratsakten.de\/index.php?rest_route=\/wp\/v2\/types\/page"}],"author":[{"embeddable":true,"href":"https:\/\/reichshofratsakten.de\/index.php?rest_route=\/wp\/v2\/users\/1"}],"replies":[{"embeddable":true,"href":"https:\/\/reichshofratsakten.de\/index.php?rest_route=%2Fwp%2Fv2%2Fcomments&post=10"}],"version-history":[{"count":105,"href":"https:\/\/reichshofratsakten.de\/index.php?rest_route=\/wp\/v2\/pages\/10\/revisions"}],"predecessor-version":[{"id":1978,"href":"https:\/\/reichshofratsakten.de\/index.php?rest_route=\/wp\/v2\/pages\/10\/revisions\/1978"}],"wp:attachment":[{"href":"https:\/\/reichshofratsakten.de\/index.php?rest_route=%2Fwp%2Fv2%2Fmedia&parent=10"}],"curies":[{"name":"wp","href":"https:\/\/api.w.org\/{rel}","templated":true}]}}