{"id":274,"date":"2010-08-27T21:41:03","date_gmt":"2010-08-27T21:41:03","guid":{"rendered":"http:\/\/reichshofratsakten.vweb12-test.gwdg.de\/dev\/?page_id=274"},"modified":"2024-05-21T15:31:45","modified_gmt":"2024-05-21T14:31:45","slug":"mag-sandra-weiss","status":"publish","type":"page","link":"https:\/\/reichshofratsakten.de\/?page_id=274","title":{"rendered":"Susanne Zenker, BA MA"},"content":{"rendered":"<table style=\"width: 100%;\" border=\"0\" cellspacing=\"5\" cellpadding=\"0\">\n<tbody>\n<tr>\n<td rowspan=\"2\" valign=\"top\"><\/td>\n<td><strong><strong><a href=\"https:\/\/reichshofratsakten.de\/wp-content\/uploads\/2023\/01\/Zenker_Susanne-e1673256920407.jpg\" rel=\"lightbox[274]\"> <\/a><\/strong><\/strong><\/td>\n<td><strong><a href=\"https:\/\/reichshofratsakten.de\/wp-content\/uploads\/2023\/01\/Zenker_Susanne-e1673256920407.jpg\" rel=\"lightbox[274]\"><img loading=\"lazy\" decoding=\"async\" class=\"alignleft size-thumbnail wp-image-1681\" title=\"Zenker_Susanne\" src=\"https:\/\/reichshofratsakten.de\/wp-content\/uploads\/2023\/01\/Zenker_Susanne-150x150.jpg\" alt=\"\" width=\"150\" height=\"150\" \/><\/a>E-Mail:<\/strong> Susanne.Zenker[at]univie.ac.at<\/p>\n<p><strong>Biogramm:<\/strong><br \/>\nBachelorstudium Geschichte (abgeschlossen) und Orientalistik (Schwerpunkt Turkologie, laufend), Masterstudium Geschichte (Schwerpunkt Osteurop\u00e4ische Geschichte, mit Auszeichnung abgeschlossen) sowie Geschichtsforschung, Historische Hilfswissenschaften und Archivwissenschaft (laufend) an der Universit\u00e4t Wien. Praktika im Stadtarchiv Kerpen, Archiv der Konrad Adenauer Stiftung (St. Augustin) und im Politischen Archiv des Ausw\u00e4rtigen Amtes (Berlin). Mehrj\u00e4hrige T\u00e4tigkeit als Tutorin und Schreibmentorin an der Universit\u00e4t Wien. Zuletzt Projektmitarbeiterin im Nieder\u00f6sterreichischen Landesarchiv. Derzeit wissenschaftliche Hilfskraft im Erschlie\u00dfungsprojekt \u201eDie Akten des Kaiserlichen Reichshofrats\u201c.<\/p>\n<p><strong>Sprachkenntnisse:<\/strong><br \/>\nDeutsch: Muttersprache, Englisch: sehr gute Kenntnisse, Ungarisch: gute Kenntnisse, Franz\u00f6sisch: gute Kenntnisse, T\u00fcrkisch\/Osmanisch: Grundkenntnisse, Latein: gro\u00dfes Latinum<\/p>\n<p><strong>Forschungsschwerpunkte:<\/strong><br \/>\n\u00bb Verfassungs- und Verwaltungsgeschichte der Habsburgermonarchie<br \/>\n\u00bb Diplomatiegeschichte<br \/>\n\u00bb Adelsgeschichte<br \/>\n\u00bb Gyula Graf Andr\u00e1ssy der \u00c4ltere<br \/>\n\u00bb Orientalismus<\/p>\n<p><strong>Wissenschaftliche Qualifizierungsarbeiten:<\/strong><br \/>\n\u00bb\u00a0\u00a0\u201eLe beau pendu\u201c. Gyula Graf Andr\u00e1ssy und seine Zeit im Exil (1849\u20131857). MA-Arbeit Universit\u00e4t Wien 2020.<br \/>\n\u00bb Die Akteure des Berliner Kongresses (1878). Die Selbstzeugnisse der deutschen Teilnehmer im Vergleich. MA-Arbeit (in Vorbereitung).<\/td>\n<\/tr>\n<\/tbody>\n<\/table>\n","protected":false},"excerpt":{"rendered":"<p>E-Mail: Susanne.Zenker[at]univie.ac.at Biogramm: Bachelorstudium Geschichte (abgeschlossen) und Orientalistik (Schwerpunkt Turkologie, laufend), Masterstudium Geschichte (Schwerpunkt Osteurop\u00e4ische Geschichte, mit Auszeichnung abgeschlossen) sowie Geschichtsforschung, Historische Hilfswissenschaften und Archivwissenschaft (laufend) an der Universit\u00e4t Wien. Praktika im Stadtarchiv Kerpen, Archiv der Konrad Adenauer Stiftung (St. &hellip; <a href=\"https:\/\/reichshofratsakten.de\/?page_id=274\">Weiterlesen <span class=\"meta-nav\">&rarr;<\/span><\/a><\/p>\n","protected":false},"author":1,"featured_media":0,"parent":7,"menu_order":0,"comment_status":"closed","ping_status":"closed","template":"onecolumn-page.php","meta":{"footnotes":""},"class_list":["post-274","page","type-page","status-publish","hentry"],"_links":{"self":[{"href":"https:\/\/reichshofratsakten.de\/index.php?rest_route=\/wp\/v2\/pages\/274"}],"collection":[{"href":"https:\/\/reichshofratsakten.de\/index.php?rest_route=\/wp\/v2\/pages"}],"about":[{"href":"https:\/\/reichshofratsakten.de\/index.php?rest_route=\/wp\/v2\/types\/page"}],"author":[{"embeddable":true,"href":"https:\/\/reichshofratsakten.de\/index.php?rest_route=\/wp\/v2\/users\/1"}],"replies":[{"embeddable":true,"href":"https:\/\/reichshofratsakten.de\/index.php?rest_route=%2Fwp%2Fv2%2Fcomments&post=274"}],"version-history":[{"count":65,"href":"https:\/\/reichshofratsakten.de\/index.php?rest_route=\/wp\/v2\/pages\/274\/revisions"}],"predecessor-version":[{"id":279,"href":"https:\/\/reichshofratsakten.de\/index.php?rest_route=\/wp\/v2\/pages\/274\/revisions\/279"}],"up":[{"embeddable":true,"href":"https:\/\/reichshofratsakten.de\/index.php?rest_route=\/wp\/v2\/pages\/7"}],"wp:attachment":[{"href":"https:\/\/reichshofratsakten.de\/index.php?rest_route=%2Fwp%2Fv2%2Fmedia&parent=274"}],"curies":[{"name":"wp","href":"https:\/\/api.w.org\/{rel}","templated":true}]}}